{"id":2204,"date":"2025-07-27T13:07:08","date_gmt":"2025-07-27T18:07:08","guid":{"rendered":"https:\/\/www.christinajordy.com\/?page_id=2204"},"modified":"2025-07-27T13:37:18","modified_gmt":"2025-07-27T18:37:18","slug":"food-recommendations","status":"publish","type":"page","link":"https:\/\/www.christinajordy.com\/nl\/home\/food-recommendations\/","title":{"rendered":"Eetaanbevelingen"},"content":{"rendered":"<div class=\"wp-block-group alignwide has-background-background-color has-background is-vertical is-content-justification-left is-layout-flex wp-container-core-group-is-layout-eab74f5e wp-block-group-is-layout-flex\" style=\"margin-top:var(--wp--preset--spacing--20);margin-bottom:var(--wp--preset--spacing--20);padding-top:0;padding-right:var(--wp--preset--spacing--30);padding-bottom:0;padding-left:var(--wp--preset--spacing--30)\">\n<p class=\"has-text-align-left has-lora-font-family has-x-large-font-size\">Eetaanbevelingen<\/p>\n\n\n\n<p style=\"margin-top:0px;margin-bottom:0\">Of je nu de glooiende heuvels verkent tussen de trouwactiviteiten door of even een momentje voor jezelf neemt v\u00f3\u00f3r de grote dag, deze caf\u00e9s en osteria zijn echte must visits! Alles ligt op korte afstand van je verblijf, ideaal voor een snelle espresso, een lichte hap of een ontspannen lunch in de Toscaanse zon.<\/p>\n\n\n\n<h3 class=\"wp-block-heading\"><strong>Monticchiello<\/strong><\/h3>\n\n\n\n<p>Een klein dorpje op een heuvel met prachtige uitzichten.<\/p>\n\n\n\n<ul class=\"wp-block-list\">\n<li><a href=\"https:\/\/www.tripadvisor.it\/Restaurant_Review-g787975-d27956891-Reviews-Angolo_Di_Mezzo-Monticchiello_Pienza_Tuscany.html\" data-type=\"link\" data-id=\"https:\/\/www.tripadvisor.it\/Restaurant_Review-g787975-d27956891-Reviews-Angolo_Di_Mezzo-Monticchiello_Pienza_Tuscany.html\" target=\"_blank\" rel=\"noreferrer noopener\"><strong>Angolo di Mezzo Caf\u00e9 and Wine Bar<\/strong><\/a><\/li>\n\n\n\n<li><a href=\"https:\/\/osteriafrapaolino.it\/\" data-type=\"link\" data-id=\"https:\/\/osteriafrapaolino.it\/\" target=\"_blank\" rel=\"noreferrer noopener\"><strong>Osteria Fra Paolino<\/strong><\/a><\/li>\n<\/ul>\n\n\n\n<h3 class=\"wp-block-heading\"><strong>Pienza<\/strong><\/h3>\n\n\n\n<p>Bekend om zijn pecorinokaas en renaissancecharme is Pienza een prachtige halte.<\/p>\n\n\n\n<ul class=\"wp-block-list\">\n<li><a href=\"https:\/\/pienzacoffee.it\/\" data-type=\"link\" data-id=\"https:\/\/pienzacoffee.it\/\" target=\"_blank\" rel=\"noreferrer noopener\"><strong>Pienza Coffee \u2013 Caff\u00e8 GM<\/strong> <\/a><\/li>\n\n\n\n<li><a href=\"https:\/\/near.yazilir.com.tr\/sette-di-vino-66-it\" data-type=\"link\" data-id=\"https:\/\/near.yazilir.com.tr\/sette-di-vino-66-it\" target=\"_blank\" rel=\"noreferrer noopener\"><strong>Osteria Sette di Vino<\/strong><\/a><\/li>\n\n\n\n<li><strong><a href=\"https:\/\/www.tripadvisor.it\/Restaurant_Review-g644280-d24879606-Reviews-Pane_Vino_e_Zucchero-Pienza_Tuscany.html\" data-type=\"link\" data-id=\"https:\/\/www.tripadvisor.it\/Restaurant_Review-g644280-d24879606-Reviews-Pane_Vino_e_Zucchero-Pienza_Tuscany.html\" target=\"_blank\" rel=\"noreferrer noopener\">Pane Vino &amp; Zucchero<\/a><\/strong> <\/li>\n\n\n\n<li><strong><a href=\"https:\/\/idylliumpienza.it\/\" data-type=\"link\" data-id=\"https:\/\/idylliumpienza.it\/\" target=\"_blank\" rel=\"noreferrer noopener\">Idyllium<\/a><\/strong> <\/li>\n<\/ul>\n\n\n\n<h3 class=\"wp-block-heading\"><strong>Montepulciano<\/strong><\/h3>\n\n\n\n<p>Beroemd om zijn Vino Nobile, maar Montepulciano heeft ook geweldige plekken om iets te eten.<\/p>\n\n\n\n<ul class=\"wp-block-list\">\n<li><a href=\"https:\/\/caffepoliziano.it\/\" data-type=\"link\" data-id=\"https:\/\/caffepoliziano.it\/\" target=\"_blank\" rel=\"noreferrer noopener\"><strong>Caff\u00e8 Poliziano<\/strong><\/a><\/li>\n\n\n\n<li><a href=\"https:\/\/www.lalma.cafe\/it\" data-type=\"link\" data-id=\"https:\/\/www.lalma.cafe\/it\" target=\"_blank\" rel=\"noreferrer noopener\"><strong>Lalma Cafe &amp; Tea Room<\/strong><\/a><\/li>\n\n\n\n<li><a href=\"https:\/\/www.tripadvisor.it\/Restaurant_Review-g194833-d806078-Reviews-Osteria_Acquacheta-Montepulciano_Tuscany.html\" data-type=\"link\" data-id=\"https:\/\/www.tripadvisor.it\/Restaurant_Review-g194833-d806078-Reviews-Osteria_Acquacheta-Montepulciano_Tuscany.html\" target=\"_blank\" rel=\"noreferrer noopener\"><strong>Osteria Acquacheta<\/strong><\/a><\/li>\n\n\n\n<li><a href=\"https:\/\/lavineriadimontepulciano.it\/\" data-type=\"link\" data-id=\"https:\/\/lavineriadimontepulciano.it\/\" target=\"_blank\" rel=\"noreferrer noopener\"><strong>La Vineria di Montepulciano<\/strong><\/a><\/li>\n<\/ul>\n\n\n\n<h3 class=\"wp-block-heading\"><strong>La Foce<\/strong><\/h3>\n\n\n\n<p>Precies daar waar de bruiloft zal zijn!<\/p>\n\n\n\n<ul class=\"wp-block-list\">\n<li><a href=\"https:\/\/www.dopolavorolafoce.it\/en\/\" data-type=\"link\" data-id=\"https:\/\/www.dopolavorolafoce.it\/en\/\" target=\"_blank\" rel=\"noreferrer noopener\"><strong>Ristorante Dopolavoro La Foce<\/strong><\/a><\/li>\n\n\n\n<li><strong>Villa Origo Lunch<\/strong><br>Alleen voor gasten die in de hoofdvilla verblijven. Beschikbaar op afspraak, \u20ac30 per persoon (3 dagen van tevoren reserveren).<\/li>\n<\/ul>\n\n\n\n<p><\/p>\n\n\n\n<p><\/p>\n<\/div>\n\n\n\n<p><\/p>","protected":false},"excerpt":{"rendered":"<p>Food Recommendations Whether you\u2019re exploring the rolling hills between wedding events or carving out a little \u201cyou\u201d time before the big day, these caf\u00e9s and osterie are recommended to us [&hellip;]<\/p>\n","protected":false},"author":1,"featured_media":0,"parent":17,"menu_order":0,"comment_status":"closed","ping_status":"closed","template":"","meta":{"_EventAllDay":false,"_EventTimezone":"","_EventStartDate":"","_EventEndDate":"","_EventStartDateUTC":"","_EventEndDateUTC":"","_EventShowMap":false,"_EventShowMapLink":false,"_EventURL":"","_EventCost":"","_EventCostDescription":"","_EventCurrencySymbol":"","_EventCurrencyCode":"","_EventCurrencyPosition":"","_EventDateTimeSeparator":"","_EventTimeRangeSeparator":"","_EventOrganizerID":[],"_EventVenueID":[],"_OrganizerEmail":"","_OrganizerPhone":"","_OrganizerWebsite":"","_VenueAddress":"","_VenueCity":"","_VenueCountry":"","_VenueProvince":"","_VenueState":"","_VenueZip":"","_VenuePhone":"","_VenueURL":"","_VenueStateProvince":"","_VenueLat":"","_VenueLng":"","_VenueShowMap":false,"_VenueShowMapLink":false,"iawp_total_views":25,"footnotes":""},"class_list":["post-2204","page","type-page","status-publish","hentry"],"_links":{"self":[{"href":"https:\/\/www.christinajordy.com\/nl\/wp-json\/wp\/v2\/pages\/2204","targetHints":{"allow":["GET"]}}],"collection":[{"href":"https:\/\/www.christinajordy.com\/nl\/wp-json\/wp\/v2\/pages"}],"about":[{"href":"https:\/\/www.christinajordy.com\/nl\/wp-json\/wp\/v2\/types\/page"}],"author":[{"embeddable":true,"href":"https:\/\/www.christinajordy.com\/nl\/wp-json\/wp\/v2\/users\/1"}],"replies":[{"embeddable":true,"href":"https:\/\/www.christinajordy.com\/nl\/wp-json\/wp\/v2\/comments?post=2204"}],"version-history":[{"count":7,"href":"https:\/\/www.christinajordy.com\/nl\/wp-json\/wp\/v2\/pages\/2204\/revisions"}],"predecessor-version":[{"id":2217,"href":"https:\/\/www.christinajordy.com\/nl\/wp-json\/wp\/v2\/pages\/2204\/revisions\/2217"}],"up":[{"embeddable":true,"href":"https:\/\/www.christinajordy.com\/nl\/wp-json\/wp\/v2\/pages\/17"}],"wp:attachment":[{"href":"https:\/\/www.christinajordy.com\/nl\/wp-json\/wp\/v2\/media?parent=2204"}],"curies":[{"name":"wp","href":"https:\/\/api.w.org\/{rel}","templated":true}]}}